{"id":496,"date":"2026-02-17T17:07:53","date_gmt":"2026-02-17T16:07:53","guid":{"rendered":"https:\/\/weingut-goergen.de\/imprint\/"},"modified":"2026-04-30T12:54:33","modified_gmt":"2026-04-30T10:54:33","slug":"imprint","status":"publish","type":"page","link":"https:\/\/weingut-goergen.de\/en\/imprint\/","title":{"rendered":"Imprint"},"content":{"rendered":"<p>Matthias G\u00f6rgen<br \/>Weingut Otto G\u00f6rgen<br \/>R\u00f6merstr. 30-32<br \/>56820 Briedern<\/p>\n<h2>Contact<\/h2>\n<p>Phone: 02673\/1809<br \/>Fax: 02673\/900038<br \/>Email: info@weingut-goergen.de<\/p>\n<h2>VAT ID<\/h2>\n<p>VAT identification number according to \u00a7 27 a of the German VAT Act:<br \/>DE257577783<\/p>\n<h2>Supervisory Authority<\/h2>\n<p>Ministry of Economic Affairs, Transport, Agriculture and Viticulture of Rhineland-Palatinate (MWVLW)<br \/>Stiftsstra\u00dfe 9<br \/>55116 Mainz<\/p>\n<p><a href=\"https:\/\/mwvlw.rlp.de\" target=\"_blank\" rel=\"noopener noreferrer\">https:\/\/mwvlw.rlp.de<\/a><\/p>\n<h2>Professional Title and Professional Regulations<\/h2>\n<p>Professional title:<br \/>Winegrower<\/p>\n<p>Responsible chamber:<br \/>Agricultural Chamber of Rhineland-Palatinate<br \/>Burgenlandstra\u00dfe 7<br \/>55543 Bad Kreuznach<\/p>\n<p>Awarded in:<br \/>Rhineland-Palatinate<\/p>\n<p>The following professional regulations apply:<\/p>\n<p>Wine Act (WeinG)<br \/> available at: <a href=\"https:\/\/bundesrecht.juris.de\/weing_1994\/BJNR146710994.html\" target=\"_blank\" rel=\"noopener noreferrer\">https:\/\/bundesrecht.juris.de\/weing_1994\/BJNR146710994.html<\/a><\/p>\n<h2>Consumer Dispute Resolution\/Universal Arbitration Board<\/h2>\n<p>We are not willing or obligated to participate in dispute resolution proceedings before a consumer arbitration board.<\/p>\n<div class=\"cf\" style=\"margin-bottom: 2.25em\">\n\t<strong>Website handcrafted by plan33 in P\u00fcnderich on the Moselle:<\/strong><\/p>\n<div class=\"cf\"><a style=\"display: inline-block; margin-bottom: .75em;\" href=\"http:\/\/plan33.de\" target=\"_blank\" rel=\"noopener\"><img decoding=\"async\" src=\"\/wp-content\/themes\/nagati\/lib\/images\/plan33.png\" alt=\"Logo plan33\"><\/a><br \/>\n  plan33 \u2013 Advertising &amp; Web Design<br \/>\n\t\t<a href=\"http:\/\/plan33.de\" target=\"_blank\" rel=\"noopener\">www.plan33.de<\/a>\n\t<\/div>\n<\/div>\n<p style=\"margin-bottom: 0\"><strong>Image Credits<\/strong><\/p>\n<ul>\n<li>Video homepage and additional photos \u2013 <a href=\"https:\/\/luka.fotograf.de\/\" target=\"_blank\" rel=\"noopener\">Nedjo Media<\/a><\/li>\n<\/ul>\n","protected":false},"excerpt":{"rendered":"<p>Matthias G\u00f6rgenWeingut Otto G\u00f6rgenR\u00f6merstr. 30-3256820 Briedern Contact Phone: 02673\/1809Fax: 02673\/900038Email: info@weingut-goergen.de VAT ID VAT identification number according to \u00a7 27 a of the German VAT Act:DE257577783 Supervisory Authority Ministry of Economic Affairs, Transport, Agriculture and Viticulture of Rhineland-Palatinate (MWVLW)Stiftsstra\u00dfe 955116 Mainz https:\/\/mwvlw.rlp.de Professional Title and Professional Regulations Professional title:Winegrower Responsible chamber:Agricultural Chamber of Rhineland-PalatinateBurgenlandstra\u00dfe 755543 [&hellip;]<\/p>\n","protected":false},"author":2,"featured_media":0,"parent":0,"menu_order":0,"comment_status":"closed","ping_status":"closed","template":"page-templates\/theme-reveal-js.php","meta":{"_acf_changed":false,"_genesis_hide_title":false,"_genesis_hide_breadcrumbs":false,"_genesis_hide_singular_image":false,"_genesis_hide_footer_widgets":false,"_genesis_custom_body_class":"","_genesis_custom_post_class":"","_genesis_layout":"full-width-content","footnotes":""},"class_list":{"0":"post-496","1":"page","2":"type-page","3":"status-publish","5":"entry"},"acf":[],"yoast_head":"<!-- This site is optimized with the Yoast SEO plugin v27.5 - https:\/\/yoast.com\/product\/yoast-seo-wordpress\/ -->\n<title>Imprint - Weingut G\u00f6rgen<\/title>\n<meta name=\"robots\" content=\"index, follow, max-snippet:-1, max-image-preview:large, max-video-preview:-1\" \/>\n<link rel=\"canonical\" href=\"https:\/\/weingut-goergen.de\/en\/imprint\/\" \/>\n<meta property=\"og:locale\" content=\"en_US\" \/>\n<meta property=\"og:type\" content=\"article\" \/>\n<meta property=\"og:title\" content=\"Imprint - Weingut G\u00f6rgen\" \/>\n<meta property=\"og:description\" content=\"Matthias G\u00f6rgenWeingut Otto G\u00f6rgenR\u00f6merstr. 30-3256820 Briedern Contact Phone: 02673\/1809Fax: 02673\/900038Email: info@weingut-goergen.de VAT ID VAT identification number according to \u00a7 27 a of the German VAT Act:DE257577783 Supervisory Authority Ministry of Economic Affairs, Transport, Agriculture and Viticulture of Rhineland-Palatinate (MWVLW)Stiftsstra\u00dfe 955116 Mainz https:\/\/mwvlw.rlp.de Professional Title and Professional Regulations Professional title:Winegrower Responsible chamber:Agricultural Chamber of Rhineland-PalatinateBurgenlandstra\u00dfe 755543 [&hellip;]\" \/>\n<meta property=\"og:url\" content=\"https:\/\/weingut-goergen.de\/en\/imprint\/\" \/>\n<meta property=\"og:site_name\" content=\"Weingut G\u00f6rgen\" \/>\n<meta property=\"article:modified_time\" content=\"2026-04-30T10:54:33+00:00\" \/>\n<meta name=\"twitter:card\" content=\"summary_large_image\" \/>\n<meta name=\"twitter:label1\" content=\"Est. reading time\" \/>\n\t<meta name=\"twitter:data1\" content=\"1 minute\" \/>\n<script type=\"application\/ld+json\" class=\"yoast-schema-graph\">{\"@context\":\"https:\\\/\\\/schema.org\",\"@graph\":[{\"@type\":\"WebPage\",\"@id\":\"https:\\\/\\\/weingut-goergen.de\\\/en\\\/imprint\\\/\",\"url\":\"https:\\\/\\\/weingut-goergen.de\\\/en\\\/imprint\\\/\",\"name\":\"Imprint - Weingut G\u00f6rgen\",\"isPartOf\":{\"@id\":\"https:\\\/\\\/weingut-goergen.de\\\/en\\\/#website\"},\"datePublished\":\"2026-02-17T16:07:53+00:00\",\"dateModified\":\"2026-04-30T10:54:33+00:00\",\"breadcrumb\":{\"@id\":\"https:\\\/\\\/weingut-goergen.de\\\/en\\\/imprint\\\/#breadcrumb\"},\"inLanguage\":\"en-US\",\"potentialAction\":[{\"@type\":\"ReadAction\",\"target\":[\"https:\\\/\\\/weingut-goergen.de\\\/en\\\/imprint\\\/\"]}]},{\"@type\":\"BreadcrumbList\",\"@id\":\"https:\\\/\\\/weingut-goergen.de\\\/en\\\/imprint\\\/#breadcrumb\",\"itemListElement\":[{\"@type\":\"ListItem\",\"position\":1,\"name\":\"Start\",\"item\":\"https:\\\/\\\/weingut-goergen.de\\\/en\\\/\"},{\"@type\":\"ListItem\",\"position\":2,\"name\":\"Imprint\"}]},{\"@type\":\"WebSite\",\"@id\":\"https:\\\/\\\/weingut-goergen.de\\\/en\\\/#website\",\"url\":\"https:\\\/\\\/weingut-goergen.de\\\/en\\\/\",\"name\":\"Weingut Otto-G\u00f6rgen - Wein und Urlaub in Briedern (Mosel)\",\"description\":\"Wein und Urlaub in Briedern (Mosel)\",\"publisher\":{\"@id\":\"https:\\\/\\\/weingut-goergen.de\\\/en\\\/#organization\"},\"potentialAction\":[{\"@type\":\"SearchAction\",\"target\":{\"@type\":\"EntryPoint\",\"urlTemplate\":\"https:\\\/\\\/weingut-goergen.de\\\/en\\\/?s={search_term_string}\"},\"query-input\":{\"@type\":\"PropertyValueSpecification\",\"valueRequired\":true,\"valueName\":\"search_term_string\"}}],\"inLanguage\":\"en-US\"},{\"@type\":\"Organization\",\"@id\":\"https:\\\/\\\/weingut-goergen.de\\\/en\\\/#organization\",\"name\":\"Weingut Otto-G\u00f6rgen\",\"url\":\"https:\\\/\\\/weingut-goergen.de\\\/en\\\/\",\"logo\":{\"@type\":\"ImageObject\",\"inLanguage\":\"en-US\",\"@id\":\"https:\\\/\\\/weingut-goergen.de\\\/en\\\/#\\\/schema\\\/logo\\\/image\\\/\",\"url\":\"https:\\\/\\\/weingut-goergen.de\\\/wp-content\\\/uploads\\\/2026\\\/02\\\/logo.png\",\"contentUrl\":\"https:\\\/\\\/weingut-goergen.de\\\/wp-content\\\/uploads\\\/2026\\\/02\\\/logo.png\",\"width\":980,\"height\":741,\"caption\":\"Weingut Otto-G\u00f6rgen\"},\"image\":{\"@id\":\"https:\\\/\\\/weingut-goergen.de\\\/en\\\/#\\\/schema\\\/logo\\\/image\\\/\"}}]}<\/script>\n<!-- \/ Yoast SEO plugin. -->","yoast_head_json":{"title":"Imprint - Weingut G\u00f6rgen","robots":{"index":"index","follow":"follow","max-snippet":"max-snippet:-1","max-image-preview":"max-image-preview:large","max-video-preview":"max-video-preview:-1"},"canonical":"https:\/\/weingut-goergen.de\/en\/imprint\/","og_locale":"en_US","og_type":"article","og_title":"Imprint - Weingut G\u00f6rgen","og_description":"Matthias G\u00f6rgenWeingut Otto G\u00f6rgenR\u00f6merstr. 30-3256820 Briedern Contact Phone: 02673\/1809Fax: 02673\/900038Email: info@weingut-goergen.de VAT ID VAT identification number according to \u00a7 27 a of the German VAT Act:DE257577783 Supervisory Authority Ministry of Economic Affairs, Transport, Agriculture and Viticulture of Rhineland-Palatinate (MWVLW)Stiftsstra\u00dfe 955116 Mainz https:\/\/mwvlw.rlp.de Professional Title and Professional Regulations Professional title:Winegrower Responsible chamber:Agricultural Chamber of Rhineland-PalatinateBurgenlandstra\u00dfe 755543 [&hellip;]","og_url":"https:\/\/weingut-goergen.de\/en\/imprint\/","og_site_name":"Weingut G\u00f6rgen","article_modified_time":"2026-04-30T10:54:33+00:00","twitter_card":"summary_large_image","twitter_misc":{"Est. reading time":"1 minute"},"schema":{"@context":"https:\/\/schema.org","@graph":[{"@type":"WebPage","@id":"https:\/\/weingut-goergen.de\/en\/imprint\/","url":"https:\/\/weingut-goergen.de\/en\/imprint\/","name":"Imprint - Weingut G\u00f6rgen","isPartOf":{"@id":"https:\/\/weingut-goergen.de\/en\/#website"},"datePublished":"2026-02-17T16:07:53+00:00","dateModified":"2026-04-30T10:54:33+00:00","breadcrumb":{"@id":"https:\/\/weingut-goergen.de\/en\/imprint\/#breadcrumb"},"inLanguage":"en-US","potentialAction":[{"@type":"ReadAction","target":["https:\/\/weingut-goergen.de\/en\/imprint\/"]}]},{"@type":"BreadcrumbList","@id":"https:\/\/weingut-goergen.de\/en\/imprint\/#breadcrumb","itemListElement":[{"@type":"ListItem","position":1,"name":"Start","item":"https:\/\/weingut-goergen.de\/en\/"},{"@type":"ListItem","position":2,"name":"Imprint"}]},{"@type":"WebSite","@id":"https:\/\/weingut-goergen.de\/en\/#website","url":"https:\/\/weingut-goergen.de\/en\/","name":"Weingut Otto-G\u00f6rgen - Wein und Urlaub in Briedern (Mosel)","description":"Wein und Urlaub in Briedern (Mosel)","publisher":{"@id":"https:\/\/weingut-goergen.de\/en\/#organization"},"potentialAction":[{"@type":"SearchAction","target":{"@type":"EntryPoint","urlTemplate":"https:\/\/weingut-goergen.de\/en\/?s={search_term_string}"},"query-input":{"@type":"PropertyValueSpecification","valueRequired":true,"valueName":"search_term_string"}}],"inLanguage":"en-US"},{"@type":"Organization","@id":"https:\/\/weingut-goergen.de\/en\/#organization","name":"Weingut Otto-G\u00f6rgen","url":"https:\/\/weingut-goergen.de\/en\/","logo":{"@type":"ImageObject","inLanguage":"en-US","@id":"https:\/\/weingut-goergen.de\/en\/#\/schema\/logo\/image\/","url":"https:\/\/weingut-goergen.de\/wp-content\/uploads\/2026\/02\/logo.png","contentUrl":"https:\/\/weingut-goergen.de\/wp-content\/uploads\/2026\/02\/logo.png","width":980,"height":741,"caption":"Weingut Otto-G\u00f6rgen"},"image":{"@id":"https:\/\/weingut-goergen.de\/en\/#\/schema\/logo\/image\/"}}]}},"_links":{"self":[{"href":"https:\/\/weingut-goergen.de\/en\/wp-json\/wp\/v2\/pages\/496","targetHints":{"allow":["GET"]}}],"collection":[{"href":"https:\/\/weingut-goergen.de\/en\/wp-json\/wp\/v2\/pages"}],"about":[{"href":"https:\/\/weingut-goergen.de\/en\/wp-json\/wp\/v2\/types\/page"}],"author":[{"embeddable":true,"href":"https:\/\/weingut-goergen.de\/en\/wp-json\/wp\/v2\/users\/2"}],"replies":[{"embeddable":true,"href":"https:\/\/weingut-goergen.de\/en\/wp-json\/wp\/v2\/comments?post=496"}],"version-history":[{"count":0,"href":"https:\/\/weingut-goergen.de\/en\/wp-json\/wp\/v2\/pages\/496\/revisions"}],"wp:attachment":[{"href":"https:\/\/weingut-goergen.de\/en\/wp-json\/wp\/v2\/media?parent=496"}],"curies":[{"name":"wp","href":"https:\/\/api.w.org\/{rel}","templated":true}]}}